{"id":652,"date":"2022-12-17T21:41:19","date_gmt":"2022-12-17T19:41:19","guid":{"rendered":"http:\/\/kegeln-for-fun.de\/?page_id=652"},"modified":"2026-04-19T22:08:03","modified_gmt":"2026-04-19T20:08:03","slug":"mesmerize","status":"publish","type":"page","link":"https:\/\/alle-neune.com\/","title":{"rendered":"Front Page"},"content":{"rendered":"<div  id=\"ein-turnier-fuer-alle\" style=\"background-color: #ffffff;\" data-label=\"Ein Turnier fuer ALLE\" data-id=\"features-16-card-bordered-mc\" data-export-id=\"features-16-card-bordered-mc\" data-bullets-visibility=\"true\" data-category=\"features\" class=\"features-16-card-bordered-mc content-section content-section-spacing\"><div  class=\"gridContainer\"> <div  class=\"row text-center\"><div  class=\"section-title-col\" data-type=\"column\"> <h5  class=\"\">Herzlich Willkommen beim gr\u00f6\u00dften Hobby-Kegelturnier rund um M\u00f6nchengladbach!<\/h5> <h2  class=\"\">EIN TURNIER F\u00dcR ALLE! SEID DABEI!<\/h2> <p  class=\"lead\">Ob Kegelclub, Freundeskreis, Verein, Wohngruppe, B\u00fcrogemeinschaft oder in welcher Form auch immer Menschen gemeinsam in Kontakt treten, hier ist EUER Turnier: <\/p><\/div> <\/div> <div  class=\"row spaced-cols\" data-type=\"row\"> <div  class=\"col-xs-12 col-sm-6 col-md-4\"> <div  class=\"card no-padding bordered y-move\"> <img  decoding=\"async\" class=\"face\" src=\"https:\/\/alle-neune.com\/wp-content\/uploads\/2023\/11\/cropped-katie-moum-7XGtYefMXiQ-unsplash.jpg\" title=\"cropped-katie-moum-7XGtYefMXiQ-unsplash.jpg\" alt=\"\"> <div  data-type=\"column\" class=\"col-padding-small col-padding-small-xs description-container\"> <h4  class=\"font-500\">Jeder kann mitmachen!<\/h4> <p  class=\"\">Egal woher, (fast) egal wie alt, JEDER ab 10 Jahren kann mitspielen! Einzelk\u00e4mfper? Kein Problem! Zu Zweit? Das hei\u00dft Paarkampf! Ihr seid mind. 6 Leute? Dann seid ihr schon ein Team! Alle Details zu unseren Spielsystemen findet ihr auf unseren verschiedenen Seiten der Homepage, wo alles erkl\u00e4rt wird oder ihr findet alles kompakt in der Ausschreibung!<\/p><\/div> <div  data-type=\"column\" class=\"col-padding-small col-padding-small-xs read-more-container\"><\/div> <\/div><\/div> <div  class=\"col-xs-12 col-sm-6 col-md-4\"><div  class=\"card no-padding bordered y-move\"> <img  decoding=\"async\" class=\"face\" src=\"https:\/\/alle-neune.com\/wp-content\/uploads\/2023\/11\/cropped-jahnhalle.jpg\" title=\"cropped-jahnhalle.jpg\" alt=\"\"> <div  data-type=\"column\" class=\"col-padding-small col-padding-small-xs description-container\"> <h4  class=\"font-500\">Im Herzen von MG: Jahn-Halle!<\/h4> <p  class=\"\">Viele wissen es nicht: Im Keller der Jahn-Halle befinden sich 8 hochprofessionelle Kegel-Bahnen, auf denen wir unser Turnier ausspielen. Auf so einem \u201eBrett\u201c habt ihr bestimmt noch nicht gespielt! Ein purer Genuss! Spielt gleichzeitig mit vier Teammitgliedern auf vier Bahnen und feuert euch gegenseitig an! Gut Holz!<\/p><\/div> <div  data-type=\"column\" class=\"col-padding-small col-padding-small-xs read-more-container\"><\/div> <\/div><\/div> <div  class=\"col-xs-12 col-sm-6 col-md-4\"><div  class=\"card no-padding bordered y-move\"> <img  decoding=\"async\" class=\"face\" src=\"https:\/\/alle-neune.com\/wp-content\/uploads\/2023\/11\/cropped-victor-freitas-Yuv-iwByVRQ-unsplash.jpg\" title=\"cropped-victor-freitas-Yuv-iwByVRQ-unsplash.jpg\" alt=\"\"> <div  data-type=\"column\" class=\"col-padding-small col-padding-small-xs description-container\"> <h4  class=\"font-500\">Ohne Profis! Eure Chance!<\/h4> <p  class=\"\">Alle \u201eProfi-Kegler\u201c, besser ausgedr\u00fcckt alle Sportkegler spielen ihr eigenes Turnier aus! Daher kann wirklich jede \u201eHobby-Truppe\u201c das Turnier gewinnen! Es wird ein einmaliges Event mit hohem Spa\u00dffaktor f\u00fcr euer Team! Und wenn ihr ein gl\u00fcckliches H\u00e4ndchen habt, kommt ihr vielleicht sogar ins Finale und k\u00f6nnt das Turnier f\u00fcr euch entscheiden!<\/p><\/div> <div  data-type=\"column\" class=\"col-padding-small col-padding-small-xs read-more-container\"><\/div> <\/div><\/div> <\/div><\/div> <\/div><div  data-label=\"Anmeldung\" data-id=\"about--1\" data-export-id=\"about-10\" data-category=\"about\" class=\"about-10 content-section content-section-spacing\" id=\"anmeldung\" style=\"background-color: rgb(245, 250, 253);\"><div  class=\"gridContainer\"> <div  class=\"row middle-sm text-center\"><div  class=\"col-sm-5 space-bottom-xs content-column\" data-type=\"column\"> <h5  class=\"\">Hier gibt es die aktuellen Infos:<\/h5> <h2  class=\"\">Das Turnier endet mit neuen Rekorden!<\/h2> <p  class=\"\">378 Teilnehmer! 106 Paark\u00e4mpfe! 51 Teams!<\/p> <a  class=\"button blue\" href=\"https:\/\/alle-neune.com?page_id=81\" target=\"_blank\" data-cp-link=\"1\">ENDERGEBNISSE (FINALE)<\/a><a  class=\"button blue\" href=\"https:\/\/alle-neune.com?page_id=1258\" target=\"_blank\" data-cp-link=\"1\">BERICHT 2026 (Pressemeldungen)<\/a><a  class=\"button blue\" href=\"https:\/\/alle-neune.com\/wp-content\/uploads\/2026\/04\/Tombola_Preise_Gewinner-2026.pdf\" target=\"_blank\" data-cp-link=\"1\">TOMBOLA (Gewinnerlose)<\/a><\/div> <div  class=\"col-sm-7 flexbox middle-xs center-xs space-bottom-xs\"><div  class=\"overlay-box middle-xs center-xs flexbox\"> <div  class=\"overlay-box-offset offset-border shadow-medium border-color1 hide-xs\"><\/div> <a  data-cp-link=\"1\" href=\"https:\/\/alle-neune.com\/wp-content\/uploads\/2026\/04\/2026_Herren-Teams_small-scaled.jpg\" target=\"_blank\" class=\"\"><img  decoding=\"async\" class=\"shadow-large\" data-size=\"485x705\" src=\"https:\/\/alle-neune.com\/wp-content\/uploads\/2026\/04\/2026_Herren-Teams_small-scaled.jpg\" title=\"finale_plan\" alt=\"\"><\/a><\/div> <\/div><\/div> <\/div><\/div><div  id=\"erfahrungsberichte\" style=\"background-color: #ffffff;\" data-label=\"Erfahrungsberichte\" data-id=\"testimonials-5-mc\" data-export-id=\"testimonials-5-mc\" data-category=\"testimonials\" class=\"testimonials-5-mc content-section content-section-spacing\" data-bullets-visibility=\"true\"><div  class=\"gridContainer\"> <div  class=\"row\"><div  data-type=\"column\" class=\"section-title-col\"> <h5  class=\"\">378 begeisterte Kegler beim letzten Turnier!<\/h5> <h2  class=\"\">Erfahrungsberichte<\/h2> <p  class=\"lead\">Lest Meinungen von drei Kegler\/innen der letzten Turniere:<\/p><\/div> <\/div> <div  class=\"row spaced-cols content-center-sm\" data-type=\"row\"> <div  class=\"col-sm-4\"> <div  class=\"card y-move bordered\" data-type=\"column\"> <i  class=\"fa fa-quote-right icon color1 small quotation-icon\"><\/i> <p  class=\"text-center\">Wir sind ein gemischter Kegelclub im Alter zwischen 16-60. Wir freuen uns jedes Jahr auf die Stadtmeisterschaft, die \u00fcber die Jahre zu einer kleinen Familie geworden ist. Gewinnen ist sch\u00f6n, aber der Spa\u00df steht hier ganz klar im Vordergrund. Ich hoffe, das Turnier bleibt noch lange bestehen.<\/p>  <h6  class=\"\">Daniela Rehfeld<\/h6> <p  class=\"small italic\">Kegelclub \u201eEierwurf\u201c<\/p><\/div> <\/div> <div  class=\"col-sm-4\"> <div  class=\"card y-move bordered\" data-type=\"column\"> <i  class=\"fa fa-quote-right icon color1 small quotation-icon\"><\/i> <p  class=\"text-center\">Wir sind 2025 zum f\u00fcnften Mal dabei und konnten bei den Stadtmeisterschaft 2019 und 2023 die Teamwertung gewinnen, wor\u00fcber wir uns sehr gefreut haben. Uns macht es allen Riesen-Spa\u00df auf diesen tollen Bahnen zu kegeln.<\/p>  <h6  class=\"\">Christian Dahlmeyer<\/h6> <p  class=\"small italic\">Kegelfreunde vom Niederrhein<\/p><\/div> <\/div> <div  class=\"col-sm-4\"> <div  class=\"card y-move bordered\" data-type=\"column\"> <i  class=\"fa fa-quote-right icon color1 small quotation-icon\"><\/i> <p  class=\"text-center\">Einfach mal was anderes, als alle vier Wochen rundum ein paar W\u00fcrfe beim Bierchen in der Kneipe zu machen. Mal 80 und mehr Wurf hintereinander zu machen, auf so perfekten Bahnen, das macht einfach nur Spa\u00df! Fest eingeplant als Event f\u00fcr unseren Kegelclub, jedes Jahr! Gut Holz!<\/p>  <h6  class=\"\">David Beckers\n<\/h6> <p  class=\"small italic\">KC \u201eSchlaff \u2013 G e s t r e c k t e n\u201c<\/p><\/div> <\/div><\/div> <\/div><\/div><div  data-label=\"Sponsoring\" data-id=\"clients--1\" data-export-id=\"clients-4\" data-category=\"clients\" class=\"clients-4 content-section content-section-spacing-small\" id=\"sponsoring\" style=\"background-color: rgb(255, 255, 255);\" data-bullets-visibility=\"true\"><div  class=\"gridContainer\"> <div  class=\"row\"><div  data-type=\"column\" class=\"section-title-col\"> <h2  class=\"font-700\">Ohne Sponsoren geht es nicht! DANKE!<\/h2> <p  class=\"lead\">Wir danken unseren Sponsoren, die unser Turnier erst zudem machen, was es ist!<\/p><\/div> <\/div> <div  data-type=\"row\" class=\"row spaced-cols middle-xs center-xs space-bottom padding-lr\"> <div  class=\"col-xs-6 col-sm-2 col-md-4\"> <a  data-cp-link=\"1\" href=\"https:\/\/www.rechtsanwalt-kamp.com\" class=\"\" target=\"_blank\" rel=\"noopener\"><img  decoding=\"async\" src=\"https:\/\/kegeln-for-fun.de\/wp-content\/uploads\/2022\/12\/Logo_RA-Kamp.jpg\" class=\"\" title=\"Logo_RA-Kamp\" alt=\"\"><\/a><\/div>  <div  class=\"col-xs-6 col-sm-2 col-md-4\"> <a  data-cp-link=\"1\" href=\"https:\/\/www.mueller-touristik.de\" class=\"\" target=\"_blank\" rel=\"noopener\"><img  decoding=\"async\" src=\"https:\/\/kegeln-for-fun.de\/wp-content\/uploads\/2022\/12\/Mueller-Touristik_Font-rot_4c.jpg\" class=\"\" title=\"Mu\u0308ller-Touristik_Font rot_4c\" alt=\"\"><\/a><\/div>  <div  class=\"col-xs-6 col-sm-2 col-md-4\"> <a  data-cp-link=\"1\" href=\"https:\/\/renovatio.de\" class=\"\" target=\"_blank\" rel=\"noopener\"><img  decoding=\"async\" src=\"https:\/\/kegeln-for-fun.de\/wp-content\/uploads\/2022\/12\/logo_renovatio.png\" class=\"\" title=\"logo_renovatio\" alt=\"\"><\/a><\/div> <div  class=\"col-xs-6 col-sm-2 col-md-4\"> <a  data-cp-link=\"1\" href=\"https:\/\/www.sparkasse-moenchengladbach.de\" class=\"\" target=\"_blank\" rel=\"noopener\"><img  decoding=\"async\" src=\"https:\/\/kegeln-for-fun.de\/wp-content\/uploads\/2022\/12\/cropped-S-mit-Schutzraum-1.jpg\" class=\"\" title=\"S mit Schutzraum\" alt=\"\"><\/a><\/div> <div  class=\"col-xs-6 col-sm-2 col-md-4\"> <a  data-cp-link=\"1\" href=\"https:\/\/www.die-eventfaktur.de\" class=\"\" target=\"_blank\" rel=\"noopener\"><img  decoding=\"async\" src=\"https:\/\/kegeln-for-fun.de\/wp-content\/uploads\/2022\/12\/EvFa-Logo-schwarz-scaled.jpg\" class=\"\" title=\"EvFa Logo schwarz\" alt=\"\"><\/a><\/div><div  class=\"col-xs-6 col-sm-2 col-md-4\"> <a  data-cp-link=\"1\" href=\"https:\/\/tonis-pizza.com\" class=\"\" target=\"_blank\" rel=\"noopener\"><img  decoding=\"async\" src=\"https:\/\/alle-neune.com\/wp-content\/uploads\/2026\/02\/logo_tonis_ansicht-scaled.jpg\" class=\"\" title=\"logo_web_hayatt\" alt=\"\"><\/a><\/div><div  class=\"col-xs-6 col-sm-2 col-md-4\"> <a  data-cp-link=\"1\" href=\"https:\/\/www.db-finanzberatung.de\/thomas.nowak.html\" class=\"\" target=\"_blank\" rel=\"noopener\"><img  decoding=\"async\" src=\"https:\/\/kegeln-for-fun.de\/wp-content\/uploads\/2022\/12\/logo_web_deutsche_nowak.jpg\" class=\"\" title=\"nowak_neu_plakat\" alt=\"\"><\/a><\/div><div  class=\"col-xs-6 col-sm-2 col-md-4\"> <a  data-cp-link=\"1\" href=\"https:\/\/www.tktech-industrieboden.de\" class=\"\" target=\"_blank\" rel=\"noopener\"><img  decoding=\"async\" src=\"https:\/\/kegeln-for-fun.de\/wp-content\/uploads\/2022\/12\/logo_weg_tktech.jpg\" class=\"\" title=\"Logo_RA-Kamp\" alt=\"\"><\/a><\/div><div  class=\"col-xs-6 col-sm-2 col-md-4\"> <a  data-cp-link=\"1\" href=\"https:\/\/www.physio-erbers.de\" class=\"\" target=\"_blank\" rel=\"noopener\"><img  decoding=\"async\" src=\"https:\/\/alle-neune.com\/wp-content\/uploads\/2026\/02\/erbers_v2.jpg\" class=\"\" title=\"Logo_RA-Kamp\" alt=\"\"><\/a><\/div><div  class=\"col-xs-6 col-sm-2 col-md-4\"> <a  data-cp-link=\"1\" href=\"https:\/\/edgar-heinen.ergo.de\" class=\"\" target=\"_blank\" rel=\"noopener\"><img  decoding=\"async\" src=\"https:\/\/alle-neune.com\/wp-content\/uploads\/2024\/01\/ERGO_Heinen_Web.jpg\" class=\"\" title=\"Logo_RA-Kamp\" alt=\"\"><\/a><\/div><div  class=\"col-xs-6 col-sm-2 col-md-4\"> <a  data-cp-link=\"1\" href=\"https:\/\/prosafety-sicherheitsdienst.de\" class=\"\" target=\"_blank\" rel=\"noopener\"><img  decoding=\"async\" src=\"https:\/\/alle-neune.com\/wp-content\/uploads\/2024\/01\/prosafety-logo-SEC.jpg\" class=\"\" title=\"Logo_RA-Kamp\" alt=\"\"><\/a><\/div><div  class=\"col-xs-6 col-sm-2 col-md-4\"> <a  data-cp-link=\"1\" href=\"https:\/\/mags.de\" class=\"\" target=\"_blank\" rel=\"noopener\"><img  decoding=\"async\" src=\"https:\/\/alle-neune.com\/wp-content\/uploads\/2024\/03\/GEM_Werbebanner_Hausfarbe-scaled.jpg\" class=\"\" title=\"Logo_RA-Kamp\" alt=\"\"><\/a><\/div><div  class=\"col-xs-6 col-sm-2 col-md-4\"><a  data-cp-link=\"1\" href=\"https:\/\/www.zaunteam.de\/de\/partner\/178-zaunteam-moenchengladbach\" class=\"\" target=\"_blank\"><img  decoding=\"async\" class=\"custom-image\" src=\"https:\/\/alle-neune.com\/wp-content\/uploads\/2025\/02\/Logo_Wortmarke_Claim.png\" title=\"Logo_Wortmarke_Claim\" alt=\"\"><\/a> <\/div><div  class=\"col-xs-6 col-sm-2 col-md-4\"> <a  data-cp-link=\"1\" href=\"http:\/\/www.elektro-hlenzen.de\" class=\"\" target=\"_blank\" rel=\"noopener\"><img  decoding=\"async\" src=\"https:\/\/alle-neune.com\/wp-content\/uploads\/2022\/12\/Logo_Lenzen_lowQ.bmp\" class=\"\" title=\"Logo_RA-Kamp\" alt=\"\"><\/a><\/div><div  class=\"col-xs-6 col-sm-2 col-md-4\"> <a  data-cp-link=\"1\" href=\"https:\/\/23pluseins.de\" class=\"\" target=\"_blank\" rel=\"noopener\"><img  decoding=\"async\" src=\"https:\/\/alle-neune.com\/wp-content\/uploads\/2024\/02\/23plus1_web.png\" class=\"\" title=\"Logo_RA-Kamp\" alt=\"\"><\/a><\/div><div  class=\"col-xs-6 col-sm-2 col-md-4\"> <a  data-cp-link=\"1\" href=\"https:\/\/www.new.de\" class=\"\" target=\"_blank\" rel=\"noopener\"><img  decoding=\"async\" src=\"https:\/\/alle-neune.com\/wp-content\/uploads\/2025\/02\/New_logo.svg_.png\" class=\"\" title=\"Logo_RA-Kamp\" alt=\"\"><\/a><\/div><div  class=\"col-xs-6 col-sm-2 col-md-4\"> <a  data-cp-link=\"1\" href=\"https:\/\/www.sautner-lasertechnik.de\" class=\"\" target=\"_blank\" rel=\"noopener\"><img  decoding=\"async\" src=\"https:\/\/alle-neune.com\/wp-content\/uploads\/2022\/12\/Logo_Sautner_Poster-und-Web.jpg\" class=\"\" title=\"Logo_RA-Kamp\" alt=\"\"><\/a><\/div><div  class=\"col-xs-6 col-sm-2 col-md-4\"> <a  data-cp-link=\"1\" href=\"https:\/\/maps.app.goo.gl\/desg9BFs3kPK14ta6\" class=\"\" target=\"_blank\" rel=\"noopener\"><img  decoding=\"async\" src=\"https:\/\/alle-neune.com\/wp-content\/uploads\/2022\/12\/Banner_Dieterich-Klause_web.png\" class=\"\" title=\"Logo_RA-Kamp\" alt=\"\"><\/a><\/div><div  class=\"col-xs-6 col-sm-2 col-md-4\"> <a  data-cp-link=\"1\" href=\"https:\/\/www.teamwise.de\" class=\"\" target=\"_blank\" rel=\"noopener\"><img  decoding=\"async\" src=\"https:\/\/alle-neune.com\/wp-content\/uploads\/2026\/02\/teamWiSE_Logo_Web.png\" class=\"\" title=\"Logo_RA-Kamp\" alt=\"\"><\/a><\/div><div  class=\"col-xs-6 col-sm-2 col-md-4\"> <a  data-cp-link=\"1\" href=\"https:\/\/www.mikefesler.de\" class=\"\" target=\"_blank\" rel=\"noopener\"><img  decoding=\"async\" src=\"https:\/\/alle-neune.com\/wp-content\/uploads\/2025\/04\/fesler_web.jpg\" class=\"\" title=\"Logo_RA-Kamp\" alt=\"\"><\/a><\/div><div  class=\"col-xs-6 col-sm-2 col-md-4\"> <a  data-cp-link=\"1\" href=\"https:\/\/tantelemi.wordpress.com\" class=\"\" target=\"_blank\" rel=\"noopener\"><img  decoding=\"async\" src=\"https:\/\/alle-neune.com\/wp-content\/uploads\/2026\/03\/tante_lemi_web_neu_small-scaled.jpg\" class=\"\" title=\"Logo_RA-Kamp\" alt=\"\"><\/a><\/div><div  class=\"col-xs-6 col-sm-2 col-md-4\"> <a  data-cp-link=\"1\" href=\"http:\/\/www.bolten-brauerei.de\" class=\"\" target=\"_blank\" rel=\"noopener\"><img  decoding=\"async\" src=\"https:\/\/alle-neune.com\/wp-content\/uploads\/2026\/02\/bolten_web.jpg\" class=\"\" title=\"Logo_RA-Kamp\" alt=\"\"><\/a><\/div><div  class=\"col-xs-6 col-sm-2 col-md-4\"> <a  data-cp-link=\"1\" href=\"https:\/\/www.ck-fliesenhandel.de\" class=\"\" target=\"_blank\" rel=\"noopener\"><img  decoding=\"async\" src=\"https:\/\/alle-neune.com\/wp-content\/uploads\/2022\/12\/logo_CK_Fliesenhandel.jpg\" class=\"\" title=\"Logo_RA-Kamp\" alt=\"\"><\/a><\/div><div  class=\"col-xs-6 col-sm-2 col-md-4\"> <a  data-cp-link=\"1\" href=\"http:\/\/eineerde.org\" class=\"\" target=\"_blank\" rel=\"noopener\"><img  decoding=\"async\" src=\"https:\/\/alle-neune.com\/wp-content\/uploads\/2026\/02\/cropped-eine_erde-scaled-1.png\" class=\"\" title=\"Logo_RA-Kamp\" alt=\"\"><\/a><\/div><\/div><\/div> <\/div>","protected":false},"excerpt":{"rendered":"<p>Herzlich Willkommen beim gr\u00f6\u00dften Hobby-Kegelturnier rund um M\u00f6nchengladbach! EIN TURNIER F\u00dcR ALLE! SEID DABEI! Ob Kegelclub, Freundeskreis, Verein, Wohngruppe, B\u00fcrogemeinschaft oder in welcher Form auch immer Menschen gemeinsam in Kontakt treten, hier ist EUER Turnier: Jeder kann mitmachen! Egal woher, (fast) egal wie alt, JEDER ab 10 Jahren kann mitspielen! Einzelk\u00e4mfper? Kein Problem! Zu Zweit?&hellip; <br \/> <a class=\"read-more\" href=\"https:\/\/alle-neune.com\/\">Weiterlesen<\/a><\/p>\n","protected":false},"author":2,"featured_media":0,"parent":0,"menu_order":0,"comment_status":"closed","ping_status":"closed","template":"page-templates\/homepage.php","meta":{"footnotes":""},"class_list":["post-652","page","type-page","status-publish","hentry"],"_links":{"self":[{"href":"https:\/\/alle-neune.com\/index.php?rest_route=\/wp\/v2\/pages\/652","targetHints":{"allow":["GET"]}}],"collection":[{"href":"https:\/\/alle-neune.com\/index.php?rest_route=\/wp\/v2\/pages"}],"about":[{"href":"https:\/\/alle-neune.com\/index.php?rest_route=\/wp\/v2\/types\/page"}],"author":[{"embeddable":true,"href":"https:\/\/alle-neune.com\/index.php?rest_route=\/wp\/v2\/users\/2"}],"replies":[{"embeddable":true,"href":"https:\/\/alle-neune.com\/index.php?rest_route=%2Fwp%2Fv2%2Fcomments&post=652"}],"version-history":[{"count":119,"href":"https:\/\/alle-neune.com\/index.php?rest_route=\/wp\/v2\/pages\/652\/revisions"}],"predecessor-version":[{"id":2410,"href":"https:\/\/alle-neune.com\/index.php?rest_route=\/wp\/v2\/pages\/652\/revisions\/2410"}],"wp:attachment":[{"href":"https:\/\/alle-neune.com\/index.php?rest_route=%2Fwp%2Fv2%2Fmedia&parent=652"}],"curies":[{"name":"wp","href":"https:\/\/api.w.org\/{rel}","templated":true}]}}