{"id":121,"date":"2014-11-12T11:31:50","date_gmt":"2014-11-12T09:31:50","guid":{"rendered":"http:\/\/kegeln-for-fun.de\/?page_id=121"},"modified":"2025-10-31T03:06:00","modified_gmt":"2025-10-31T01:06:00","slug":"spielmodus-einzel","status":"publish","type":"page","link":"https:\/\/alle-neune.com\/?page_id=121","title":{"rendered":"Spielmodus &#8222;Einzel&#8220;"},"content":{"rendered":"<p>Jeder Teilnehmer hat zun\u00e4chst die M\u00f6glichkeit sich einzukegeln, in dem er zun\u00e4chst 5 W\u00fcrfe auf Bahn 1 macht.<\/p>\n<p>F\u00fcr den Stadt-Pokal hat man anschlie\u00dfend 3 Versuche (3 x 5 Wurf) auf Bahn 1, um m\u00f6glichst nah an 45 Holz zu kommen. Dieser Wettbewerb ist auf eine mittlerweile 50 j\u00e4hrigen Tradition zur\u00fcckzuf\u00fchren.<\/p>\n<p>Nach dem Kegeln um den Stadtpokal ist man dann &#8222;warm&#8220; und kann auf Bahn 2, 3 und 4 jeweils 20 W\u00fcrfe &#8222;in die Vollen&#8220; (ohne Gassenzwang) machen. Diese 60 W\u00fcrfe werden zusammengez\u00e4hlt und ergeben eure Einzelwertung, welche auch gleichzeitig in eure Teamwertung einflie\u00dft, vorausgesetzt man ist einer der besten 4 Kegler seines Teams.<\/p>\n<p>Im Finale am 18. April 2026 treten alle Kegler an, die sich mit ihren Teams f\u00fcr das Finale qualifiziert haben. Dar\u00fcber hinaus treten auch die Top-Kegler der Vorrunde nochmal im Finale an, auch wenn sie sich nicht \u00fcber ihre Teams f\u00fcr das Finale qualifiziert haben. Die exakte Anzahl h\u00e4ngt von den uns im Finale noch frei zur Verf\u00fcgung stehenden Zeitslots ab (in 2025 konnten die Top 8-Kegler jeder Klasse im Finale antreten, auch wenn sie sich nicht \u00fcber ihre Teams qualifiziert hatten).<\/p>\n<p>Im Finale werden die Vorrunden-Ergebnisse &#8222;gel\u00f6scht&#8220; und alle Kegler fangen wieder bei &#8222;Null&#8220; an.<\/p>\n<p>Im Einzelwettbewerb gibt es folgende Klassen:<\/p>\n<ul>\n<li>Herren und Damen (Jahrg\u00e4nge 1967 &#8211; 2009)<\/li>\n<li>Senioren und Seniorinnen (Jahrg\u00e4nge 1966 und \u00e4lter)<\/li>\n<li>Jugendliche (m\/w, Jahrg\u00e4nge 2010 &#8211; 2016)<\/li>\n<\/ul>\n<p>Die Startgeb\u00fchr betr\u00e4gt f\u00fcr die Wettbewerbe &#8222;Pokal&#8220;, &#8222;Einzel&#8220; und &#8222;Team&#8220; insgesamt 10 Euro (inkl. Kegeln am Finaltag, falls ihr Euch im Einzel oder mit dem Team entsprechend qualifiziert).<\/p>\n","protected":false},"excerpt":{"rendered":"<p>Jeder Teilnehmer hat zun\u00e4chst die M\u00f6glichkeit sich einzukegeln, in dem er zun\u00e4chst 5 W\u00fcrfe auf Bahn 1 macht. F\u00fcr den Stadt-Pokal hat man anschlie\u00dfend 3 Versuche (3 x 5 Wurf) auf Bahn 1, um m\u00f6glichst nah an 45 Holz zu kommen. Dieser Wettbewerb ist auf eine mittlerweile 50 j\u00e4hrigen Tradition zur\u00fcckzuf\u00fchren. Nach dem Kegeln um&hellip; <br \/> <a class=\"read-more\" href=\"https:\/\/alle-neune.com\/?page_id=121\">Weiterlesen<\/a><\/p>\n","protected":false},"author":2,"featured_media":0,"parent":25,"menu_order":4,"comment_status":"closed","ping_status":"closed","template":"","meta":{"footnotes":""},"class_list":["post-121","page","type-page","status-publish","hentry"],"_links":{"self":[{"href":"https:\/\/alle-neune.com\/index.php?rest_route=\/wp\/v2\/pages\/121","targetHints":{"allow":["GET"]}}],"collection":[{"href":"https:\/\/alle-neune.com\/index.php?rest_route=\/wp\/v2\/pages"}],"about":[{"href":"https:\/\/alle-neune.com\/index.php?rest_route=\/wp\/v2\/types\/page"}],"author":[{"embeddable":true,"href":"https:\/\/alle-neune.com\/index.php?rest_route=\/wp\/v2\/users\/2"}],"replies":[{"embeddable":true,"href":"https:\/\/alle-neune.com\/index.php?rest_route=%2Fwp%2Fv2%2Fcomments&post=121"}],"version-history":[{"count":9,"href":"https:\/\/alle-neune.com\/index.php?rest_route=\/wp\/v2\/pages\/121\/revisions"}],"predecessor-version":[{"id":2034,"href":"https:\/\/alle-neune.com\/index.php?rest_route=\/wp\/v2\/pages\/121\/revisions\/2034"}],"up":[{"embeddable":true,"href":"https:\/\/alle-neune.com\/index.php?rest_route=\/wp\/v2\/pages\/25"}],"wp:attachment":[{"href":"https:\/\/alle-neune.com\/index.php?rest_route=%2Fwp%2Fv2%2Fmedia&parent=121"}],"curies":[{"name":"wp","href":"https:\/\/api.w.org\/{rel}","templated":true}]}}